{"id":1020,"date":"2020-11-22T01:12:17","date_gmt":"2020-11-21T22:12:17","guid":{"rendered":"http:\/\/gab.org.tr\/site\/?page_id=1020"},"modified":"2021-05-18T13:07:25","modified_gmt":"2021-05-18T10:07:25","slug":"projeler","status":"publish","type":"page","link":"https:\/\/gab.org.tr\/site\/projeler\/","title":{"rendered":"Projeler"},"content":{"rendered":"\t\t<div data-elementor-type=\"wp-page\" data-elementor-id=\"1020\" class=\"elementor elementor-1020\" data-elementor-settings=\"[]\">\n\t\t\t\t\t\t<div class=\"elementor-inner\">\n\t\t\t\t\t\t\t<div class=\"elementor-section-wrap\">\n\t\t\t\t\t\t\t<section class=\"elementor-section elementor-top-section elementor-element elementor-element-6ff2ff7 elementor-section-boxed elementor-section-height-default elementor-section-height-default\" data-id=\"6ff2ff7\" data-element_type=\"section\" data-settings=\"{&quot;background_background&quot;:&quot;classic&quot;}\">\n\t\t\t\t\t\t\t<div class=\"elementor-background-overlay\"><\/div>\n\t\t\t\t\t\t\t<div class=\"elementor-container elementor-column-gap-no\">\n\t\t\t\t\t\t\t<div class=\"elementor-row\">\n\t\t\t\t\t<div class=\"elementor-column elementor-col-100 elementor-top-column elementor-element elementor-element-d4acc06\" data-id=\"d4acc06\" data-element_type=\"column\">\n\t\t\t<div class=\"elementor-column-wrap elementor-element-populated\">\n\t\t\t\t\t\t\t<div class=\"elementor-widget-wrap\">\n\t\t\t\t\t\t<div class=\"elementor-element elementor-element-bee4950 elementor-widget elementor-widget-heading\" data-id=\"bee4950\" data-element_type=\"widget\" data-widget_type=\"heading.default\">\n\t\t\t\t<div class=\"elementor-widget-container\">\n\t\t\t<h2 class=\"elementor-heading-title elementor-size-default\">Projeler<\/h2>\t\t<\/div>\n\t\t\t\t<\/div>\n\t\t\t\t\t\t<\/div>\n\t\t\t\t\t<\/div>\n\t\t<\/div>\n\t\t\t\t\t\t\t\t<\/div>\n\t\t\t\t\t<\/div>\n\t\t<\/section>\n\t\t\t\t<section class=\"elementor-section elementor-top-section elementor-element elementor-element-dbdf9ac elementor-section-content-middle elementor-section-boxed elementor-section-height-default elementor-section-height-default\" data-id=\"dbdf9ac\" data-element_type=\"section\">\n\t\t\t\t\t\t<div class=\"elementor-container elementor-column-gap-no\">\n\t\t\t\t\t\t\t<div class=\"elementor-row\">\n\t\t\t\t\t<div class=\"elementor-column elementor-col-33 elementor-top-column elementor-element elementor-element-885cb99\" data-id=\"885cb99\" data-element_type=\"column\">\n\t\t\t<div class=\"elementor-column-wrap elementor-element-populated\">\n\t\t\t\t\t\t\t<div class=\"elementor-widget-wrap\">\n\t\t\t\t\t\t<div class=\"elementor-element elementor-element-6bf6da9 elementor-widget elementor-widget-heading\" data-id=\"6bf6da9\" data-element_type=\"widget\" data-widget_type=\"heading.default\">\n\t\t\t\t<div class=\"elementor-widget-container\">\n\t\t\t<h2 class=\"elementor-heading-title elementor-size-default\">Proje <br>Odakl\u0131<br>\u0130\u015fbirli\u011fi<\/h2>\t\t<\/div>\n\t\t\t\t<\/div>\n\t\t\t\t\t\t<\/div>\n\t\t\t\t\t<\/div>\n\t\t<\/div>\n\t\t\t\t<div class=\"elementor-column elementor-col-66 elementor-top-column elementor-element elementor-element-105f188\" data-id=\"105f188\" data-element_type=\"column\">\n\t\t\t<div class=\"elementor-column-wrap elementor-element-populated\">\n\t\t\t\t\t\t\t<div class=\"elementor-widget-wrap\">\n\t\t\t\t\t\t<div class=\"elementor-element elementor-element-f68d1d6 elementor-widget elementor-widget-text-editor\" data-id=\"f68d1d6\" data-element_type=\"widget\" data-widget_type=\"text-editor.default\">\n\t\t\t\t<div class=\"elementor-widget-container\">\n\t\t\t\t\t<div class=\"elementor-text-editor elementor-clearfix\"><p>Gen\u00e7 Akademisyenler Birli\u011fi Derne\u011finin en \u00f6nemli hedefi, gen\u00e7 akademisyenlerin yarat\u0131c\u0131 ve yenilik\u00e7i fikirlerini ortaya \u00e7\u0131karmak; sosyal, k\u00fclt\u00fcrel ve akademik geli\u015fimlerine katk\u0131 sunmakt\u0131r. Gen\u00e7 Akademisyenler Birli\u011fi Derne\u011finin bir ba\u015fka hedefi ise, gen\u00e7lerin akademik ya\u015fama kat\u0131l\u0131m\u0131n\u0131 sa\u011flamak, bilimsel faaliyetlerini desteklemektir. Bunun i\u00e7in ilgili kurum ve kurulu\u015flarla ortak projelere imza at\u0131lacak, model projelere hibe sa\u011flanacakt\u0131r. Bu bak\u0131mdan derne\u011fimiz;<\/p>\n<p><span style=\"white-space:pre\">\t<\/span>YTB,<\/p>\n<p><span style=\"white-space:pre\">\t<\/span>\u0130\u00e7i\u015fleri Bakanl\u0131\u011f\u0131,<\/p>\n<p><span style=\"white-space:pre\">\t<\/span>Gen\u00e7lik ve Spor Bakanl\u0131\u011f\u0131,<\/p>\n<p><span style=\"white-space:pre\">\t<\/span>T\u00dcB\u0130TAK,<\/p>\n<p><span style=\"white-space:pre\">\t<\/span>T\u00dcBA,<\/p>\n<p><span style=\"white-space:pre\">\t<\/span>T\u0130KA,<\/p>\n<p><span style=\"white-space:pre\">\t<\/span>Ulusal Ajans,<\/p>\n<p><span style=\"white-space:pre\">\t<\/span>T\u00fcrk Tarih Kurumu,<\/p>\n<p><span style=\"white-space:pre\">\t<\/span>TCCB Millet K\u00fct\u00fcphanesi,<\/p>\n<p>gibi kurumlar ba\u015fta olmak \u00fczere, ilgili kurum ve kurulu\u015flara y\u00f6nelik projeler haz\u0131rlamaktad\u0131r.<\/p><\/div>\n\t\t\t\t<\/div>\n\t\t\t\t<\/div>\n\t\t\t\t\t\t<\/div>\n\t\t\t\t\t<\/div>\n\t\t<\/div>\n\t\t\t\t\t\t\t\t<\/div>\n\t\t\t\t\t<\/div>\n\t\t<\/section>\n\t\t\t\t<section class=\"elementor-section elementor-top-section elementor-element elementor-element-a53f6fb elementor-section-boxed elementor-section-height-default elementor-section-height-default\" data-id=\"a53f6fb\" data-element_type=\"section\" data-settings=\"{&quot;background_background&quot;:&quot;classic&quot;}\">\n\t\t\t\t\t\t\t<div class=\"elementor-background-overlay\"><\/div>\n\t\t\t\t\t\t\t<div class=\"elementor-container elementor-column-gap-no\">\n\t\t\t\t\t\t\t<div class=\"elementor-row\">\n\t\t\t\t\t<div class=\"elementor-column elementor-col-33 elementor-top-column elementor-element elementor-element-591f7d0\" data-id=\"591f7d0\" data-element_type=\"column\">\n\t\t\t<div class=\"elementor-column-wrap elementor-element-populated\">\n\t\t\t\t\t\t\t<div class=\"elementor-widget-wrap\">\n\t\t\t\t\t\t<div class=\"elementor-element elementor-element-90393fd elementor-view-stacked elementor-position-left elementor-shape-circle elementor-vertical-align-top elementor-widget elementor-widget-icon-box\" data-id=\"90393fd\" data-element_type=\"widget\" data-widget_type=\"icon-box.default\">\n\t\t\t\t<div class=\"elementor-widget-container\">\n\t\t\t\t\t<div class=\"elementor-icon-box-wrapper\">\n\t\t\t\t\t\t<div class=\"elementor-icon-box-icon\">\n\t\t\t\t<a class=\"elementor-icon elementor-animation-\" href=\"#\">\n\t\t\t\t<i aria-hidden=\"true\" class=\"fas fa-envelope-open-text\"><\/i>\t\t\t\t<\/a>\n\t\t\t<\/div>\n\t\t\t\t\t\t<div class=\"elementor-icon-box-content\">\n\t\t\t\t<h5 class=\"elementor-icon-box-title\">\n\t\t\t\t\t<a href=\"#\">Destek Program\u0131<\/a>\n\t\t\t\t<\/h5>\n\t\t\t\t\t\t\t\t<p class=\"elementor-icon-box-description\">Lisans e\u011fitimine devam eden ve akademisyen olmak isteyen \u00f6\u011frenciler bizlere ba\u015fvurarak \u00fccretsiz e\u011fitim alabilirler.\n\n<\/p>\n\t\t\t\t\t\t\t<\/div>\n\t\t<\/div>\n\t\t\t\t<\/div>\n\t\t\t\t<\/div>\n\t\t\t\t\t\t<\/div>\n\t\t\t\t\t<\/div>\n\t\t<\/div>\n\t\t\t\t<div class=\"elementor-column elementor-col-33 elementor-top-column elementor-element elementor-element-0199beb\" data-id=\"0199beb\" data-element_type=\"column\">\n\t\t\t<div class=\"elementor-column-wrap elementor-element-populated\">\n\t\t\t\t\t\t\t<div class=\"elementor-widget-wrap\">\n\t\t\t\t\t\t<div class=\"elementor-element elementor-element-dbb9845 elementor-view-stacked elementor-position-left elementor-shape-circle elementor-vertical-align-top elementor-widget elementor-widget-icon-box\" data-id=\"dbb9845\" data-element_type=\"widget\" data-widget_type=\"icon-box.default\">\n\t\t\t\t<div class=\"elementor-widget-container\">\n\t\t\t\t\t<div class=\"elementor-icon-box-wrapper\">\n\t\t\t\t\t\t<div class=\"elementor-icon-box-icon\">\n\t\t\t\t<a class=\"elementor-icon elementor-animation-\" href=\"https:\/\/gab.org.tr\/site\/gonullu-ol\/\">\n\t\t\t\t<i aria-hidden=\"true\" class=\"fas fa-clock\"><\/i>\t\t\t\t<\/a>\n\t\t\t<\/div>\n\t\t\t\t\t\t<div class=\"elementor-icon-box-content\">\n\t\t\t\t<h5 class=\"elementor-icon-box-title\">\n\t\t\t\t\t<a href=\"https:\/\/gab.org.tr\/site\/gonullu-ol\/\">G\u00f6n\u00fcll\u00fc Ol<\/a>\n\t\t\t\t<\/h5>\n\t\t\t\t\t\t\t\t<p class=\"elementor-icon-box-description\">Lisans ve lisans\u00fcst\u00fc e\u011fitimine devam edenler derne\u011fimizde g\u00f6n\u00fcll\u00fc olarak faaliyet g\u00f6sterebilir.\n\n<\/p>\n\t\t\t\t\t\t\t<\/div>\n\t\t<\/div>\n\t\t\t\t<\/div>\n\t\t\t\t<\/div>\n\t\t\t\t\t\t<\/div>\n\t\t\t\t\t<\/div>\n\t\t<\/div>\n\t\t\t\t<div class=\"elementor-column elementor-col-33 elementor-top-column elementor-element elementor-element-6a06582\" data-id=\"6a06582\" data-element_type=\"column\">\n\t\t\t<div class=\"elementor-column-wrap elementor-element-populated\">\n\t\t\t\t\t\t\t<div class=\"elementor-widget-wrap\">\n\t\t\t\t\t\t<div class=\"elementor-element elementor-element-db0e74f elementor-view-stacked elementor-position-left elementor-shape-circle elementor-vertical-align-top elementor-widget elementor-widget-icon-box\" data-id=\"db0e74f\" data-element_type=\"widget\" data-widget_type=\"icon-box.default\">\n\t\t\t\t<div class=\"elementor-widget-container\">\n\t\t\t\t\t<div class=\"elementor-icon-box-wrapper\">\n\t\t\t\t\t\t<div class=\"elementor-icon-box-icon\">\n\t\t\t\t<a class=\"elementor-icon elementor-animation-\" href=\"https:\/\/gab.org.tr\/site\/uyelik\/\">\n\t\t\t\t<i aria-hidden=\"true\" class=\"fas fa-book\"><\/i>\t\t\t\t<\/a>\n\t\t\t<\/div>\n\t\t\t\t\t\t<div class=\"elementor-icon-box-content\">\n\t\t\t\t<h5 class=\"elementor-icon-box-title\">\n\t\t\t\t\t<a href=\"https:\/\/gab.org.tr\/site\/uyelik\/\">\u00dcye Ol<\/a>\n\t\t\t\t<\/h5>\n\t\t\t\t\t\t\t\t<p class=\"elementor-icon-box-description\">Akademik personel ve lisans\u00fcst\u00fc e\u011fitimlerine devam edenler derne\u011fimize \u00fcye olabilir.\n\n<\/p>\n\t\t\t\t\t\t\t<\/div>\n\t\t<\/div>\n\t\t\t\t<\/div>\n\t\t\t\t<\/div>\n\t\t\t\t\t\t<\/div>\n\t\t\t\t\t<\/div>\n\t\t<\/div>\n\t\t\t\t\t\t\t\t<\/div>\n\t\t\t\t\t<\/div>\n\t\t<\/section>\n\t\t\t\t\t\t<\/div>\n\t\t\t\t\t\t<\/div>\n\t\t\t\t\t<\/div>\n\t\t","protected":false},"excerpt":{"rendered":"<p>Projeler Proje Odakl\u0131\u0130\u015fbirli\u011fi Gen\u00e7 Akademisyenler Birli\u011fi Derne\u011finin en \u00f6nemli hedefi, gen\u00e7 akademisyenlerin yarat\u0131c\u0131 ve yenilik\u00e7i fikirlerini ortaya \u00e7\u0131karmak; sosyal, k\u00fclt\u00fcrel ve akademik geli\u015fimlerine katk\u0131 sunmakt\u0131r. Gen\u00e7 Akademisyenler Birli\u011fi Derne\u011finin bir ba\u015fka hedefi ise, gen\u00e7lerin akademik ya\u015fama kat\u0131l\u0131m\u0131n\u0131 sa\u011flamak, bilimsel faaliyetlerini desteklemektir. Bunun i\u00e7in ilgili kurum ve kurulu\u015flarla ortak projelere imza at\u0131lacak, model projelere hibe sa\u011flanacakt\u0131r. &hellip;<\/p>\n<p class=\"read-more\"> <a class=\"\" href=\"https:\/\/gab.org.tr\/site\/projeler\/\"> <span class=\"screen-reader-text\">Projeler<\/span> Devam\u0131 &raquo;<\/a><\/p>\n","protected":false},"author":1,"featured_media":0,"parent":0,"menu_order":0,"comment_status":"closed","ping_status":"closed","template":"","meta":{"_monsterinsights_skip_tracking":false,"_monsterinsights_sitenote_active":false,"_monsterinsights_sitenote_note":"","_monsterinsights_sitenote_category":0,"footnotes":""},"class_list":["post-1020","page","type-page","status-publish","hentry"],"_links":{"self":[{"href":"https:\/\/gab.org.tr\/site\/wp-json\/wp\/v2\/pages\/1020","targetHints":{"allow":["GET"]}}],"collection":[{"href":"https:\/\/gab.org.tr\/site\/wp-json\/wp\/v2\/pages"}],"about":[{"href":"https:\/\/gab.org.tr\/site\/wp-json\/wp\/v2\/types\/page"}],"author":[{"embeddable":true,"href":"https:\/\/gab.org.tr\/site\/wp-json\/wp\/v2\/users\/1"}],"replies":[{"embeddable":true,"href":"https:\/\/gab.org.tr\/site\/wp-json\/wp\/v2\/comments?post=1020"}],"version-history":[{"count":19,"href":"https:\/\/gab.org.tr\/site\/wp-json\/wp\/v2\/pages\/1020\/revisions"}],"predecessor-version":[{"id":3806,"href":"https:\/\/gab.org.tr\/site\/wp-json\/wp\/v2\/pages\/1020\/revisions\/3806"}],"wp:attachment":[{"href":"https:\/\/gab.org.tr\/site\/wp-json\/wp\/v2\/media?parent=1020"}],"curies":[{"name":"wp","href":"https:\/\/api.w.org\/{rel}","templated":true}]}}